{"id":95,"date":"2026-01-02T18:59:31","date_gmt":"2026-01-02T15:59:31","guid":{"rendered":"https:\/\/blogs.e-me-4all.eu\/antoniazal\/?page_id=95"},"modified":"2026-01-03T21:31:14","modified_gmt":"2026-01-03T18:31:14","slug":"%cf%80%ce%b7%ce%b3%ce%ad%cf%82-%ce%ba%ce%b1%ce%b9-%ce%ac%ce%b4%ce%b5%ce%b9%ce%b1","status":"publish","type":"page","link":"https:\/\/blogs.e-me-4all.eu\/antoniazal\/%cf%80%ce%b7%ce%b3%ce%ad%cf%82-%ce%ba%ce%b1%ce%b9-%ce%ac%ce%b4%ce%b5%ce%b9%ce%b1\/","title":{"rendered":"\u03a0\u03b7\u03b3\u03ad\u03c2 \u03ba\u03b1\u03b9 \u0386\u03b4\u03b5\u03b9\u03b1"},"content":{"rendered":"<p><strong>1.\u03a0\u03c5\u03b8\u03b1\u03b3\u03cc\u03c1\u03b5\u03b9\u03bf \u03b8\u03b5\u03ce\u03c1\u03b7\u03bc\u03b1 - \u03a7\u03c1\u03c5\u03c3\u03ae \u03c4\u03bf\u03bc\u03ae<\/strong><\/p>\n<p>https:\/\/photodentro.edu.gr\/video\/r\/8522\/132<\/p>\n<p><a class=\"license_url\" title=\"lisence description\">\u00a0<\/a>Creative Commons Attribution-NonCommercial-ShareAlike Greece 3.0<\/p>\n<p>03\/01<\/p>\n<p><strong>2.<\/strong><strong>Pythagoras, mathematician and philosopher<\/strong><\/p>\n<p>https:\/\/www.europeana.eu\/en\/stories\/pythagoras-mathematician-and-philosopher<\/p>\n<p>CC BY-SA<\/p>\n<p>03\/01<\/p>\n<p><strong>3.Pytagoras<\/strong><\/p>\n<p>https:\/\/www.europeana.eu\/en\/item\/2024903\/photography_ProvidedCHO_KU_Leuven_9982443880101488?<\/p>\n<p>CC BY-SA<\/p>\n<p>03\/01<\/p>\n<p><strong>4.\u039c\u0391\u0398\u0391\u0399\u039d\u039f\u03a5\u039c\u0395 \u03a3\u03a4\u039f \u03a3\u03a0\u0399\u03a4\u0399: \u0393\u0391\u039b\u039b\u0399\u039a\u0391 - \u03a4\u0391 \u0393\u0395\u03a5\u039c\u0391\u03a4\u0391 \u03a4\u0397\u03a3 \u0397\u039c\u0395\u03a1\u0391\u03a3<\/strong><\/p>\n<p>https:\/\/photodentro.edu.gr\/video\/r\/8522\/1613?<\/p>\n<div class=\"license_title\">Creative Commons Attribution-NonCommercial-ShareAlike Greece 3.0<\/div>\n<p>03\/01<\/p>\n<p><strong>5.Menu, Caf\u00e9 restaurant de la place Blanche, m\u00eame maison Restaurant du rat mort : [menu] \/ Henry Somm<\/strong><\/p>\n<p>https:\/\/www.europeana.eu\/fr\/item\/9200518\/ark__12148_btv1b10524412v<\/p>\n<p>CC BY-SA<\/p>\n<p>03\/01<\/p>\n<p><strong>6.\u0391\u039d\u0398\u03a1\u03a9\u03a0\u0399\u039d\u0391 \u0394\u0399\u039a\u0391\u0399\u03a9\u039c\u0391\u03a4\u0391<\/strong><\/p>\n<p>https:\/\/photodentro.edu.gr\/ugc\/r\/8525\/932?locale=el<\/p>\n<div class=\"license_title\">Creative Commons Attribution-NonCommercial-NoDerivs Greece 3.0<\/div>\n<div><\/div>\n<div>03\/01<\/div>\n<div><\/div>\n<div><strong>7.D\u00e9claration des droits de l'homme et du citoyen... : [estampe] \/ compos\u00e9 dessin\u00e9 et grav\u00e9 par Niquet le jeune<\/strong><\/div>\n<div><\/div>\n<div>https:\/\/www.europeana.eu\/en\/item\/9200518\/ark__12148_btv1b69480488<\/div>\n<div><\/div>\n<div>CC BY-SA<\/div>\n<div><\/div>\n<div>03\/01<\/div>\n","protected":false},"excerpt":{"rendered":"<p>1.\u03a0\u03c5\u03b8\u03b1\u03b3\u03cc\u03c1\u03b5\u03b9\u03bf \u03b8\u03b5\u03ce\u03c1\u03b7\u03bc\u03b1 &#8211; \u03a7\u03c1\u03c5\u03c3\u03ae \u03c4\u03bf\u03bc\u03ae https:\/\/photodentro.edu.gr\/video\/r\/8522\/132 \u00a0Creative Commons Attribution-NonCommercial-ShareAlike Greece 3.0 03\/01 2.Pythagoras, mathematician and philosopher https:\/\/www.europeana.eu\/en\/stories\/pythagoras-mathematician-and-philosopher CC BY-SA 03\/01 3.Pytagoras https:\/\/www.europeana.eu\/en\/item\/2024903\/photography_ProvidedCHO_KU_Leuven_9982443880101488? CC BY-SA 03\/01 4.\u039c\u0391\u0398\u0391\u0399\u039d\u039f\u03a5\u039c\u0395 \u03a3\u03a4\u039f \u03a3\u03a0\u0399\u03a4\u0399: \u0393\u0391\u039b\u039b\u0399\u039a\u0391 &#8211; \u03a4\u0391 \u0393\u0395\u03a5\u039c\u0391\u03a4\u0391 \u03a4\u0397\u03a3 \u0397\u039c\u0395\u03a1\u0391\u03a3 https:\/\/photodentro.edu.gr\/video\/r\/8522\/1613? Creative Commons Attribution-NonCommercial-ShareAlike Greece 3.0<\/p>\n","protected":false},"author":64652,"featured_media":0,"parent":0,"menu_order":5,"comment_status":"open","ping_status":"closed","template":"","meta":{"footnotes":""},"class_list":["post-95","page","type-page","status-publish","hentry"],"_links":{"self":[{"href":"https:\/\/blogs.e-me-4all.eu\/antoniazal\/wp-json\/wp\/v2\/pages\/95","targetHints":{"allow":["GET"]}}],"collection":[{"href":"https:\/\/blogs.e-me-4all.eu\/antoniazal\/wp-json\/wp\/v2\/pages"}],"about":[{"href":"https:\/\/blogs.e-me-4all.eu\/antoniazal\/wp-json\/wp\/v2\/types\/page"}],"author":[{"embeddable":true,"href":"https:\/\/blogs.e-me-4all.eu\/antoniazal\/wp-json\/wp\/v2\/users\/64652"}],"replies":[{"embeddable":true,"href":"https:\/\/blogs.e-me-4all.eu\/antoniazal\/wp-json\/wp\/v2\/comments?post=95"}],"version-history":[{"count":0,"href":"https:\/\/blogs.e-me-4all.eu\/antoniazal\/wp-json\/wp\/v2\/pages\/95\/revisions"}],"wp:attachment":[{"href":"https:\/\/blogs.e-me-4all.eu\/antoniazal\/wp-json\/wp\/v2\/media?parent=95"}],"curies":[{"name":"wp","href":"https:\/\/api.w.org\/{rel}","templated":true}]}}