{"id":15,"date":"2020-09-13T18:35:35","date_gmt":"2020-09-13T15:35:35","guid":{"rendered":"https:\/\/blogs.e-me-4all.eu\/pandemicsetw\/?page_id=15"},"modified":"2020-11-03T19:08:44","modified_gmt":"2020-11-03T16:08:44","slug":"a-person-from-the-past-a-great-politician-from-ancient-athens-una-persona-del-pasado-un-gran-politico-de-la-antigua-atenas","status":"publish","type":"page","link":"https:\/\/blogs.e-me-4all.eu\/pandemicsetw\/a-person-from-the-past-a-great-politician-from-ancient-athens-una-persona-del-pasado-un-gran-politico-de-la-antigua-atenas\/","title":{"rendered":"A person from the past: a great politician from ancient Athens \/ Una persona del pasado: un gran pol\u00edtico de la antigua Atenas"},"content":{"rendered":"<p style=\"text-align: center\"><span style=\"font-size: 18pt\"><strong>Disinfecting a statue\/ Desinfectar una estatua<\/strong><\/span><br \/>\n<img loading=\"lazy\" decoding=\"async\" class=\"size-medium wp-image-6 alignleft\" src=\"https:\/\/blogs.e-me-4all.eu\/pandemicsetw\/wp-content\/uploads\/sites\/10384\/2020\/09\/\u03c0\u03b5\u03c1\u03b9\u03ba\u03bb\u03ae\u03c2-300x241.jpg\" alt=\"\" width=\"300\" height=\"241\" \/><\/p>\n<p><span style=\"color: #0000ff\">Athens April 2020<\/span><br \/>\n<span style=\"color: #0000ff\">Coronavirus pandemic<\/span><br \/>\n<span style=\"color: #0000ff\">Municipal workers disinfect public spaces and a statue of an ancient Athenian politician who lived in Athens in the 5th century BC.<\/span><\/p>\n<p style=\"text-align: left\"><span style=\"color: #0000ff\">Atenas Abril 2020<\/span><br \/>\n<span style=\"color: #0000ff\">Pandemia de coronavirus<\/span><br \/>\n<span style=\"color: #0000ff\">Los trabajadores municipales desinfectan los espacios p\u00fablicos y una estatua de un antiguo pol\u00edtico ateniense que vivi\u00f3 en Atenas en el siglo V a. C.<\/span><\/p>\n<p style=\"text-align: center\"><strong><span style=\"color: #800080;font-size: 14pt\">Let's start with a quiz:<\/span><\/strong><br \/>\n<span style=\"color: #800080\">Which personality does the statue depict?<\/span><br \/>\n<span style=\"color: #800080\">What is the cause of death of the ancient Greek politician?<\/span><br \/>\n<span style=\"color: #800080\">What is so special about the image?<\/span><\/p>\n<p style=\"text-align: center\"><strong><span style=\"color: #800080;font-size: 14pt\">Comencemos con una prueba:<\/span><\/strong><br \/>\n<span style=\"color: #800080\">\u00bfQu\u00e9 personalidad representa la estatua?<\/span><br \/>\n<span style=\"color: #800080\">\u00bfCu\u00e1l es la causa de la muerte del antiguo pol\u00edtico griego?<\/span><br \/>\n<span style=\"color: #800080\">\u00bfQu\u00e9 tiene de especial la imagen?<\/span><\/p>\n<p><a href=\"https:\/\/padlet.com\/lealexandri\/59tlec88lr1j8tiw\">Your answer here<\/a><\/p>\n<p><a href=\"https:\/\/es.wikipedia.org\/wiki\/Pericles\">link for help<\/a><\/p>\n","protected":false},"excerpt":{"rendered":"<p>Disinfecting a statue\/ Desinfectar una estatua Athens April 2020 Coronavirus pandemic Municipal workers disinfect public spaces and a statue of an ancient Athenian politician who lived in Athens in the 5th century BC. Atenas Abril 2020 Pandemia de &hellip; <\/p>\n<div class=\"more-link-wrapper\"><a href=\"https:\/\/blogs.e-me-4all.eu\/pandemicsetw\/a-person-from-the-past-a-great-politician-from-ancient-athens-una-persona-del-pasado-un-gran-politico-de-la-antigua-atenas\/\" class=\"more-link\">Continue reading<span class=\"screen-reader-text\"> &#8220;A person from the past: a great politician from ancient Athens \/ Una persona del pasado: un gran pol\u00edtico de la antigua Atenas&#8221;<\/span><\/a><\/div>\n","protected":false},"author":1116,"featured_media":0,"parent":0,"menu_order":1,"comment_status":"closed","ping_status":"closed","template":"","meta":{"footnotes":""},"class_list":["post-15","page","type-page","status-publish","hentry"],"_links":{"self":[{"href":"https:\/\/blogs.e-me-4all.eu\/pandemicsetw\/wp-json\/wp\/v2\/pages\/15","targetHints":{"allow":["GET"]}}],"collection":[{"href":"https:\/\/blogs.e-me-4all.eu\/pandemicsetw\/wp-json\/wp\/v2\/pages"}],"about":[{"href":"https:\/\/blogs.e-me-4all.eu\/pandemicsetw\/wp-json\/wp\/v2\/types\/page"}],"author":[{"embeddable":true,"href":"https:\/\/blogs.e-me-4all.eu\/pandemicsetw\/wp-json\/wp\/v2\/users\/1116"}],"replies":[{"embeddable":true,"href":"https:\/\/blogs.e-me-4all.eu\/pandemicsetw\/wp-json\/wp\/v2\/comments?post=15"}],"version-history":[{"count":0,"href":"https:\/\/blogs.e-me-4all.eu\/pandemicsetw\/wp-json\/wp\/v2\/pages\/15\/revisions"}],"wp:attachment":[{"href":"https:\/\/blogs.e-me-4all.eu\/pandemicsetw\/wp-json\/wp\/v2\/media?parent=15"}],"curies":[{"name":"wp","href":"https:\/\/api.w.org\/{rel}","templated":true}]}}