{"id":27,"date":"2020-09-22T21:38:22","date_gmt":"2020-09-22T18:38:22","guid":{"rendered":"https:\/\/blogs.e-me-4all.eu\/pandemicsetw\/?page_id=27"},"modified":"2020-09-25T20:02:06","modified_gmt":"2020-09-25T17:02:06","slug":"digital-conversation-with-myrtis-2500-years-later-conversacion-digital-con-myrtis-2500-anos-despues","status":"publish","type":"page","link":"https:\/\/blogs.e-me-4all.eu\/pandemicsetw\/a-person-from-the-past-a-great-politician-from-ancient-athens-una-persona-del-pasado-un-gran-politico-de-la-antigua-atenas\/digital-conversation-with-myrtis-2500-years-later-conversacion-digital-con-myrtis-2500-anos-despues\/","title":{"rendered":"Digital conversation with \u201cMyrtis\u201d 2500 years later\/Conversaci\u00f3n digital con &#8220;Myrtis&#8221; 2500 a\u00f1os despu\u00e9s"},"content":{"rendered":"<p style=\"text-align: center\"><strong><span style=\"font-size: 18pt\">Meeting Myrtis\/ Conociendo a Myrtis<\/span><\/strong><\/p>\n<blockquote><p><span style=\"color: #000000\">\u00ab\u03a0\u03b5\u03c1\u03af \u03c4\u03bf 430 \u03c0.\u03a7. \u03bb\u03bf\u03b9\u03bc\u03cc\u03c2 \u03b5\u03bd\u03ad\u03c3\u03ba\u03b7\u03c8\u03b5 \u03b1\u03b9\u03c6\u03bd\u03b9\u03b4\u03af\u03c9\u03c2 \u03b5\u03b9\u03c2 \u03c4\u03b7\u03bd \u03c0\u03cc\u03bb\u03b9\u03bd \u03c4\u03c9\u03bd \u0391\u03b8\u03b7\u03bd\u03ce\u03bd \u2026\u03ba\u03b1\u03b9 \u03bd\u03b5\u03ba\u03c1\u03bf\u03af \u03ad\u03ba\u03b5\u03b9\u03bd\u03c4\u03bf \u03b5\u03bd \u03c4\u03b1\u03b9\u03c2 \u03bf\u03b4\u03bf\u03af\u03c2 \u2026\u03ad\u03b8\u03b1\u03c0\u03c4\u03bf\u03bd \u03b4\u03b5 \u03c9\u03c2 \u03ad\u03ba\u03b1\u03c3\u03c4\u03bf\u03c2 \u03b5\u03b4\u03cd\u03bd\u03b1\u03c4\u03bf\u00bb (\u0398\u03bf\u03c5\u03ba\u03c5\u03b4\u03af\u03b4\u03b7\u03c2, \u0399\u03c3\u03c4\u03bf\u03c1\u03af\u03b1)<\/span><\/p><\/blockquote>\n<p>Around 430 BC. a plague struck suddenly in the city of Athens\u2026 and the dead lay in the streets\u2026 he was buried as one could \"(Thucydides, History)<\/p>\n<p>\"Alrededor del 430 a. C. una plaga golpe\u00f3 repentinamente la ciudad de Atenas ... y los muertos yac\u00edan en las calles ... fue enterrado como se pudo \"(Tuc\u00eddides, Historia)<\/p>\n<p>&nbsp;<\/p>\n<p>150 men, women and children are hurriedly buried in a common grave in <a href=\"https:\/\/en.wikipedia.org\/wiki\/Kerameikos\">Kerameikos<\/a>. In 1994-95, during the works for the construction of the Kerameikos station of the Athens METRO, the common grave with the victims of the plague is excavated, among them an eleven-year-old girl, Myrtis.<\/p>\n<p>150 hombres, mujeres y ni\u00f1os son enterrados apresuradamente en una fosa com\u00fan en <a href=\"https:\/\/es.wikipedia.org\/wiki\/Cer%C3%A1mico\">Kerameikos<\/a>. En 1994-95, durante las obras de construcci\u00f3n de la estaci\u00f3n Kerameikos del METRO de Atenas, se excava la fosa com\u00fan con las v\u00edctimas de la peste, entre ellas una ni\u00f1a de once a\u00f1os, Myrtis.<\/p>\n<blockquote>\n<p style=\"text-align: center\"><strong>How do we know about this girl today? Who was Myrtis?<\/strong><\/p>\n<p style=\"text-align: center\"><strong>\u00bfC\u00f3mo sabemos de esta chica hoy? \u00bfQui\u00e9n era Myrtis?<\/strong><\/p>\n<p style=\"text-align: center\"><a href=\"https:\/\/blogs.e-me-4all.eu\/pandemicsetw\/2020\/09\/22\/activity-1\/\">activity 1<\/a><\/p>\n<p style=\"text-align: center\"><a href=\"https:\/\/blogs.e-me-4all.eu\/pandemicsetw\/2020\/09\/22\/activity-2-actividad-2\/?preview_id=33&amp;preview_nonce=e582185758&amp;_thumbnail_id=-1&amp;preview=true\">activity 2<\/a><\/p>\n<p style=\"text-align: center\"><a href=\"https:\/\/blogs.e-me-4all.eu\/pandemicsetw\/?p=35&amp;preview=true\">activity 3<\/a><\/p>\n<\/blockquote>\n<p><img loading=\"lazy\" decoding=\"async\" class=\"aligncenter size-medium wp-image-8\" src=\"https:\/\/blogs.e-me-4all.eu\/pandemicsetw\/wp-content\/uploads\/sites\/10384\/2020\/09\/Myrtis_reconstruction_0-251x300.jpg\" alt=\"\" width=\"251\" height=\"300\" srcset=\"https:\/\/blogs.e-me-4all.eu\/pandemicsetw\/wp-content\/uploads\/sites\/10384\/2020\/09\/Myrtis_reconstruction_0-251x300.jpg 251w, https:\/\/blogs.e-me-4all.eu\/pandemicsetw\/wp-content\/uploads\/sites\/10384\/2020\/09\/Myrtis_reconstruction_0-768x917.jpg 768w, https:\/\/blogs.e-me-4all.eu\/pandemicsetw\/wp-content\/uploads\/sites\/10384\/2020\/09\/Myrtis_reconstruction_0.jpg 772w\" sizes=\"auto, (max-width: 251px) 100vw, 251px\" \/><\/p>\n","protected":false},"excerpt":{"rendered":"<p>Meeting Myrtis\/ Conociendo a Myrtis \u00ab\u03a0\u03b5\u03c1\u03af \u03c4\u03bf 430 \u03c0.\u03a7. \u03bb\u03bf\u03b9\u03bc\u03cc\u03c2 \u03b5\u03bd\u03ad\u03c3\u03ba\u03b7\u03c8\u03b5 \u03b1\u03b9\u03c6\u03bd\u03b9\u03b4\u03af\u03c9\u03c2 \u03b5\u03b9\u03c2 \u03c4\u03b7\u03bd \u03c0\u03cc\u03bb\u03b9\u03bd \u03c4\u03c9\u03bd \u0391\u03b8\u03b7\u03bd\u03ce\u03bd \u2026\u03ba\u03b1\u03b9 \u03bd\u03b5\u03ba\u03c1\u03bf\u03af \u03ad\u03ba\u03b5\u03b9\u03bd\u03c4\u03bf \u03b5\u03bd \u03c4\u03b1\u03b9\u03c2 \u03bf\u03b4\u03bf\u03af\u03c2 \u2026\u03ad\u03b8\u03b1\u03c0\u03c4\u03bf\u03bd \u03b4\u03b5 \u03c9\u03c2 \u03ad\u03ba\u03b1\u03c3\u03c4\u03bf\u03c2 \u03b5\u03b4\u03cd\u03bd\u03b1\u03c4\u03bf\u00bb (\u0398\u03bf\u03c5\u03ba\u03c5\u03b4\u03af\u03b4\u03b7\u03c2, \u0399\u03c3\u03c4\u03bf\u03c1\u03af\u03b1) Around 430 BC. a plague struck suddenly in &hellip; <\/p>\n<div class=\"more-link-wrapper\"><a href=\"https:\/\/blogs.e-me-4all.eu\/pandemicsetw\/a-person-from-the-past-a-great-politician-from-ancient-athens-una-persona-del-pasado-un-gran-politico-de-la-antigua-atenas\/digital-conversation-with-myrtis-2500-years-later-conversacion-digital-con-myrtis-2500-anos-despues\/\" class=\"more-link\">Continue reading<span class=\"screen-reader-text\"> &#8220;Digital conversation with \u201cMyrtis\u201d 2500 years later\/Conversaci\u00f3n digital con &#8220;Myrtis&#8221; 2500 a\u00f1os despu\u00e9s&#8221;<\/span><\/a><\/div>\n","protected":false},"author":1116,"featured_media":0,"parent":15,"menu_order":2,"comment_status":"closed","ping_status":"closed","template":"","meta":{"footnotes":""},"class_list":["post-27","page","type-page","status-publish","hentry"],"_links":{"self":[{"href":"https:\/\/blogs.e-me-4all.eu\/pandemicsetw\/wp-json\/wp\/v2\/pages\/27","targetHints":{"allow":["GET"]}}],"collection":[{"href":"https:\/\/blogs.e-me-4all.eu\/pandemicsetw\/wp-json\/wp\/v2\/pages"}],"about":[{"href":"https:\/\/blogs.e-me-4all.eu\/pandemicsetw\/wp-json\/wp\/v2\/types\/page"}],"author":[{"embeddable":true,"href":"https:\/\/blogs.e-me-4all.eu\/pandemicsetw\/wp-json\/wp\/v2\/users\/1116"}],"replies":[{"embeddable":true,"href":"https:\/\/blogs.e-me-4all.eu\/pandemicsetw\/wp-json\/wp\/v2\/comments?post=27"}],"version-history":[{"count":0,"href":"https:\/\/blogs.e-me-4all.eu\/pandemicsetw\/wp-json\/wp\/v2\/pages\/27\/revisions"}],"up":[{"embeddable":true,"href":"https:\/\/blogs.e-me-4all.eu\/pandemicsetw\/wp-json\/wp\/v2\/pages\/15"}],"wp:attachment":[{"href":"https:\/\/blogs.e-me-4all.eu\/pandemicsetw\/wp-json\/wp\/v2\/media?parent=27"}],"curies":[{"name":"wp","href":"https:\/\/api.w.org\/{rel}","templated":true}]}}